{"id":2,"date":"2015-12-10T16:00:12","date_gmt":"2015-12-10T16:00:12","guid":{"rendered":"http:\/\/ntaudit.com\/web\/?page_id=2"},"modified":"2016-02-15T12:08:44","modified_gmt":"2016-02-15T12:08:44","slug":"ntaudit","status":"publish","type":"page","link":"https:\/\/www.ntaudit.com\/?page_id=2","title":{"rendered":"La Firma"},"content":{"rendered":"<p>[vc_row][vc_column][vc_column_text]<\/p>\n<p style=\"text-align: justify;\">Somos una firma dedicada a la prestaci\u00f3n de servicios de auditor\u00eda financiera, consultor\u00eda y asesoramiento econ\u00f3mico, contable y financiero.<\/p>\n<p style=\"text-align: justify;\">Contamos con un equipo de auditores y economistas cercano a nuestros clientes, de probada experiencia, multidisciplinar y habituado a trabajar en entornos locales e internacionales. M\u00e1s de 20 a\u00f1os de experiencia auditando con todo el rigor t\u00e9cnico y est\u00e1ndares de calidad exigidos por la legislaci\u00f3n vigente nos avalan.<\/p>\n<p style=\"text-align: justify;\">Nuestra dilatada experiencia en diversos sectores permite proporcionar un asesoramiento experto que responda a las necesidades en materia de auditor\u00eda, asesoramiento financiero y risk &amp; compliance en diferentes sectores de actividad.<\/p>\n<p style=\"text-align: justify;\">Compartimos con nuestros clientes nuestro compromiso con la integridad y calidad. Acompa\u00f1amos a nuestros clientes y ponemos a su disposici\u00f3n todos los servicios necesarios para atender sus necesidades de la forma m\u00e1s eficaz.<\/p>\n<p>[\/vc_column_text][\/vc_column][\/vc_row]<\/p>\n","protected":false},"excerpt":{"rendered":"<p>[vc_row][vc_column][vc_column_text] Somos una firma dedicada a la prestaci\u00f3n de servicios de auditor\u00eda financiera, consultor\u00eda y asesoramiento econ\u00f3mico, contable y financiero. Contamos con un equipo de auditores y economistas cercano a nuestros clientes, de probada experiencia, multidisciplinar y habituado a trabajar en entornos locales e internacionales. M\u00e1s de 20 a\u00f1os de experiencia auditando con todo el [&hellip;]<\/p>\n","protected":false},"author":1,"featured_media":0,"parent":0,"menu_order":0,"comment_status":"closed","ping_status":"closed","template":"","meta":{"footnotes":""},"class_list":["post-2","page","type-page","status-publish","hentry"],"yoast_head":"<!-- This site is optimized with the Yoast SEO plugin v27.4 - https:\/\/yoast.com\/product\/yoast-seo-wordpress\/ -->\n<title>La Firma - NT audit<\/title>\n<meta name=\"robots\" content=\"index, follow, max-snippet:-1, max-image-preview:large, max-video-preview:-1\" \/>\n<link rel=\"canonical\" href=\"https:\/\/www.ntaudit.com\/?page_id=2\" \/>\n<meta property=\"og:locale\" content=\"es_ES\" \/>\n<meta property=\"og:type\" content=\"article\" \/>\n<meta property=\"og:title\" content=\"La Firma - NT audit\" \/>\n<meta property=\"og:description\" content=\"[vc_row][vc_column][vc_column_text] Somos una firma dedicada a la prestaci\u00f3n de servicios de auditor\u00eda financiera, consultor\u00eda y asesoramiento econ\u00f3mico, contable y financiero. Contamos con un equipo de auditores y economistas cercano a nuestros clientes, de probada experiencia, multidisciplinar y habituado a trabajar en entornos locales e internacionales. M\u00e1s de 20 a\u00f1os de experiencia auditando con todo el [&hellip;]\" \/>\n<meta property=\"og:url\" content=\"https:\/\/www.ntaudit.com\/?page_id=2\" \/>\n<meta property=\"og:site_name\" content=\"NT audit\" \/>\n<meta property=\"article:modified_time\" content=\"2016-02-15T12:08:44+00:00\" \/>\n<meta name=\"twitter:card\" content=\"summary_large_image\" \/>\n<meta name=\"twitter:label1\" content=\"Tiempo de lectura\" \/>\n\t<meta name=\"twitter:data1\" content=\"1 minuto\" \/>\n<script type=\"application\/ld+json\" class=\"yoast-schema-graph\">{\"@context\":\"https:\\\/\\\/schema.org\",\"@graph\":[{\"@type\":\"WebPage\",\"@id\":\"https:\\\/\\\/www.ntaudit.com\\\/?page_id=2\",\"url\":\"https:\\\/\\\/www.ntaudit.com\\\/?page_id=2\",\"name\":\"La Firma - NT audit\",\"isPartOf\":{\"@id\":\"https:\\\/\\\/www.ntaudit.com\\\/#website\"},\"datePublished\":\"2015-12-10T16:00:12+00:00\",\"dateModified\":\"2016-02-15T12:08:44+00:00\",\"breadcrumb\":{\"@id\":\"https:\\\/\\\/www.ntaudit.com\\\/?page_id=2#breadcrumb\"},\"inLanguage\":\"es\",\"potentialAction\":[{\"@type\":\"ReadAction\",\"target\":[\"https:\\\/\\\/www.ntaudit.com\\\/?page_id=2\"]}]},{\"@type\":\"BreadcrumbList\",\"@id\":\"https:\\\/\\\/www.ntaudit.com\\\/?page_id=2#breadcrumb\",\"itemListElement\":[{\"@type\":\"ListItem\",\"position\":1,\"name\":\"Portada\",\"item\":\"https:\\\/\\\/www.ntaudit.com\\\/\"},{\"@type\":\"ListItem\",\"position\":2,\"name\":\"La Firma\"}]},{\"@type\":\"WebSite\",\"@id\":\"https:\\\/\\\/www.ntaudit.com\\\/#website\",\"url\":\"https:\\\/\\\/www.ntaudit.com\\\/\",\"name\":\"NT audit\",\"description\":\"Otro sitio realizado con WordPress\",\"potentialAction\":[{\"@type\":\"SearchAction\",\"target\":{\"@type\":\"EntryPoint\",\"urlTemplate\":\"https:\\\/\\\/www.ntaudit.com\\\/?s={search_term_string}\"},\"query-input\":{\"@type\":\"PropertyValueSpecification\",\"valueRequired\":true,\"valueName\":\"search_term_string\"}}],\"inLanguage\":\"es\"}]}<\/script>\n<!-- \/ Yoast SEO plugin. -->","yoast_head_json":{"title":"La Firma - NT audit","robots":{"index":"index","follow":"follow","max-snippet":"max-snippet:-1","max-image-preview":"max-image-preview:large","max-video-preview":"max-video-preview:-1"},"canonical":"https:\/\/www.ntaudit.com\/?page_id=2","og_locale":"es_ES","og_type":"article","og_title":"La Firma - NT audit","og_description":"[vc_row][vc_column][vc_column_text] Somos una firma dedicada a la prestaci\u00f3n de servicios de auditor\u00eda financiera, consultor\u00eda y asesoramiento econ\u00f3mico, contable y financiero. Contamos con un equipo de auditores y economistas cercano a nuestros clientes, de probada experiencia, multidisciplinar y habituado a trabajar en entornos locales e internacionales. M\u00e1s de 20 a\u00f1os de experiencia auditando con todo el [&hellip;]","og_url":"https:\/\/www.ntaudit.com\/?page_id=2","og_site_name":"NT audit","article_modified_time":"2016-02-15T12:08:44+00:00","twitter_card":"summary_large_image","twitter_misc":{"Tiempo de lectura":"1 minuto"},"schema":{"@context":"https:\/\/schema.org","@graph":[{"@type":"WebPage","@id":"https:\/\/www.ntaudit.com\/?page_id=2","url":"https:\/\/www.ntaudit.com\/?page_id=2","name":"La Firma - NT audit","isPartOf":{"@id":"https:\/\/www.ntaudit.com\/#website"},"datePublished":"2015-12-10T16:00:12+00:00","dateModified":"2016-02-15T12:08:44+00:00","breadcrumb":{"@id":"https:\/\/www.ntaudit.com\/?page_id=2#breadcrumb"},"inLanguage":"es","potentialAction":[{"@type":"ReadAction","target":["https:\/\/www.ntaudit.com\/?page_id=2"]}]},{"@type":"BreadcrumbList","@id":"https:\/\/www.ntaudit.com\/?page_id=2#breadcrumb","itemListElement":[{"@type":"ListItem","position":1,"name":"Portada","item":"https:\/\/www.ntaudit.com\/"},{"@type":"ListItem","position":2,"name":"La Firma"}]},{"@type":"WebSite","@id":"https:\/\/www.ntaudit.com\/#website","url":"https:\/\/www.ntaudit.com\/","name":"NT audit","description":"Otro sitio realizado con WordPress","potentialAction":[{"@type":"SearchAction","target":{"@type":"EntryPoint","urlTemplate":"https:\/\/www.ntaudit.com\/?s={search_term_string}"},"query-input":{"@type":"PropertyValueSpecification","valueRequired":true,"valueName":"search_term_string"}}],"inLanguage":"es"}]}},"_links":{"self":[{"href":"https:\/\/www.ntaudit.com\/index.php?rest_route=\/wp\/v2\/pages\/2","targetHints":{"allow":["GET"]}}],"collection":[{"href":"https:\/\/www.ntaudit.com\/index.php?rest_route=\/wp\/v2\/pages"}],"about":[{"href":"https:\/\/www.ntaudit.com\/index.php?rest_route=\/wp\/v2\/types\/page"}],"author":[{"embeddable":true,"href":"https:\/\/www.ntaudit.com\/index.php?rest_route=\/wp\/v2\/users\/1"}],"replies":[{"embeddable":true,"href":"https:\/\/www.ntaudit.com\/index.php?rest_route=%2Fwp%2Fv2%2Fcomments&post=2"}],"version-history":[{"count":8,"href":"https:\/\/www.ntaudit.com\/index.php?rest_route=\/wp\/v2\/pages\/2\/revisions"}],"predecessor-version":[{"id":243,"href":"https:\/\/www.ntaudit.com\/index.php?rest_route=\/wp\/v2\/pages\/2\/revisions\/243"}],"wp:attachment":[{"href":"https:\/\/www.ntaudit.com\/index.php?rest_route=%2Fwp%2Fv2%2Fmedia&parent=2"}],"curies":[{"name":"wp","href":"https:\/\/api.w.org\/{rel}","templated":true}]}}