{"id":143,"date":"2015-12-10T16:00:12","date_gmt":"2015-12-10T16:00:12","guid":{"rendered":"http:\/\/ntaudit.com\/web\/?page_id=143&#038;lang=ca"},"modified":"2016-02-15T12:07:24","modified_gmt":"2016-02-15T12:07:24","slug":"ntaudit","status":"publish","type":"page","link":"https:\/\/www.ntaudit.com\/?page_id=143&lang=ca","title":{"rendered":"La Firma"},"content":{"rendered":"<p>[vc_row][vc_column][vc_column_text]Som una firma dedicada a la prestaci\u00f3 de serveis d&#8217;auditoria financera, consultoria i assessorament econ\u00f2mic, comptable i financer.<\/p>\n<p>Comptem amb un equip d&#8217;auditors i economistes proper als nostres clients, de provada experi\u00e8ncia, multidisciplin\u00e0ria i habituat a treballar en entorns locals i internacionals. M\u00e9s de 20 anys d&#8217;experi\u00e8ncia auditant amb tot el rigor t\u00e8cnic i est\u00e0ndards de qualitat exigits per la legislaci\u00f3 vigent ens avalen.<\/p>\n<p>La nostra dilatada experi\u00e8ncia en diversos sectors permet proporcionar un assessorament expert que respongui a les necessitats en mat\u00e8ria d&#8217;auditoria, assessorament financer i risk &amp; compliance en diferents sectors d&#8217;activitat.<\/p>\n<p>Compartim amb els nostres clients el nostre comprom\u00eds amb la integritat i qualitat. Acompanyem als nostres clients i posem a la seva disposici\u00f3 tots els serveis necessaris per atendre les seves necessitats de la forma m\u00e9s efica\u00e7.[\/vc_column_text][\/vc_column][\/vc_row]<\/p>\n","protected":false},"excerpt":{"rendered":"<p>[vc_row][vc_column][vc_column_text]Som una firma dedicada a la prestaci\u00f3 de serveis d&#8217;auditoria financera, consultoria i assessorament econ\u00f2mic, comptable i financer. Comptem amb un equip d&#8217;auditors i economistes proper als nostres clients, de provada experi\u00e8ncia, multidisciplin\u00e0ria i habituat a treballar en entorns locals i internacionals. M\u00e9s de 20 anys d&#8217;experi\u00e8ncia auditant amb tot el rigor t\u00e8cnic i est\u00e0ndards [&hellip;]<\/p>\n","protected":false},"author":1,"featured_media":0,"parent":0,"menu_order":0,"comment_status":"closed","ping_status":"closed","template":"","meta":{"footnotes":""},"class_list":["post-143","page","type-page","status-publish","hentry"],"yoast_head":"<!-- This site is optimized with the Yoast SEO plugin v27.4 - https:\/\/yoast.com\/product\/yoast-seo-wordpress\/ -->\n<title>La Firma - NT audit<\/title>\n<meta name=\"robots\" content=\"index, follow, max-snippet:-1, max-image-preview:large, max-video-preview:-1\" \/>\n<link rel=\"canonical\" href=\"https:\/\/www.ntaudit.com\/?page_id=143&lang=ca\" \/>\n<meta property=\"og:locale\" content=\"es_ES\" \/>\n<meta property=\"og:type\" content=\"article\" \/>\n<meta property=\"og:title\" content=\"La Firma - NT audit\" \/>\n<meta property=\"og:description\" content=\"[vc_row][vc_column][vc_column_text]Som una firma dedicada a la prestaci\u00f3 de serveis d&#8217;auditoria financera, consultoria i assessorament econ\u00f2mic, comptable i financer. Comptem amb un equip d&#8217;auditors i economistes proper als nostres clients, de provada experi\u00e8ncia, multidisciplin\u00e0ria i habituat a treballar en entorns locals i internacionals. M\u00e9s de 20 anys d&#8217;experi\u00e8ncia auditant amb tot el rigor t\u00e8cnic i est\u00e0ndards [&hellip;]\" \/>\n<meta property=\"og:url\" content=\"https:\/\/www.ntaudit.com\/?page_id=143&amp;lang=ca\" \/>\n<meta property=\"og:site_name\" content=\"NT audit\" \/>\n<meta property=\"article:modified_time\" content=\"2016-02-15T12:07:24+00:00\" \/>\n<meta name=\"twitter:card\" content=\"summary_large_image\" \/>\n<meta name=\"twitter:label1\" content=\"Tiempo de lectura\" \/>\n\t<meta name=\"twitter:data1\" content=\"1 minuto\" \/>\n<script type=\"application\/ld+json\" class=\"yoast-schema-graph\">{\"@context\":\"https:\\\/\\\/schema.org\",\"@graph\":[{\"@type\":\"WebPage\",\"@id\":\"https:\\\/\\\/www.ntaudit.com\\\/?page_id=143&lang=ca\",\"url\":\"https:\\\/\\\/www.ntaudit.com\\\/?page_id=143&lang=ca\",\"name\":\"La Firma - NT audit\",\"isPartOf\":{\"@id\":\"https:\\\/\\\/www.ntaudit.com\\\/#website\"},\"datePublished\":\"2015-12-10T16:00:12+00:00\",\"dateModified\":\"2016-02-15T12:07:24+00:00\",\"breadcrumb\":{\"@id\":\"https:\\\/\\\/www.ntaudit.com\\\/?page_id=143&lang=ca#breadcrumb\"},\"inLanguage\":\"es\",\"potentialAction\":[{\"@type\":\"ReadAction\",\"target\":[\"https:\\\/\\\/www.ntaudit.com\\\/?page_id=143&lang=ca\"]}]},{\"@type\":\"BreadcrumbList\",\"@id\":\"https:\\\/\\\/www.ntaudit.com\\\/?page_id=143&lang=ca#breadcrumb\",\"itemListElement\":[{\"@type\":\"ListItem\",\"position\":1,\"name\":\"Portada\",\"item\":\"https:\\\/\\\/www.ntaudit.com\\\/\"},{\"@type\":\"ListItem\",\"position\":2,\"name\":\"La Firma\"}]},{\"@type\":\"WebSite\",\"@id\":\"https:\\\/\\\/www.ntaudit.com\\\/#website\",\"url\":\"https:\\\/\\\/www.ntaudit.com\\\/\",\"name\":\"NT audit\",\"description\":\"Otro sitio realizado con WordPress\",\"potentialAction\":[{\"@type\":\"SearchAction\",\"target\":{\"@type\":\"EntryPoint\",\"urlTemplate\":\"https:\\\/\\\/www.ntaudit.com\\\/?s={search_term_string}\"},\"query-input\":{\"@type\":\"PropertyValueSpecification\",\"valueRequired\":true,\"valueName\":\"search_term_string\"}}],\"inLanguage\":\"es\"}]}<\/script>\n<!-- \/ Yoast SEO plugin. -->","yoast_head_json":{"title":"La Firma - NT audit","robots":{"index":"index","follow":"follow","max-snippet":"max-snippet:-1","max-image-preview":"max-image-preview:large","max-video-preview":"max-video-preview:-1"},"canonical":"https:\/\/www.ntaudit.com\/?page_id=143&lang=ca","og_locale":"es_ES","og_type":"article","og_title":"La Firma - NT audit","og_description":"[vc_row][vc_column][vc_column_text]Som una firma dedicada a la prestaci\u00f3 de serveis d&#8217;auditoria financera, consultoria i assessorament econ\u00f2mic, comptable i financer. Comptem amb un equip d&#8217;auditors i economistes proper als nostres clients, de provada experi\u00e8ncia, multidisciplin\u00e0ria i habituat a treballar en entorns locals i internacionals. M\u00e9s de 20 anys d&#8217;experi\u00e8ncia auditant amb tot el rigor t\u00e8cnic i est\u00e0ndards [&hellip;]","og_url":"https:\/\/www.ntaudit.com\/?page_id=143&lang=ca","og_site_name":"NT audit","article_modified_time":"2016-02-15T12:07:24+00:00","twitter_card":"summary_large_image","twitter_misc":{"Tiempo de lectura":"1 minuto"},"schema":{"@context":"https:\/\/schema.org","@graph":[{"@type":"WebPage","@id":"https:\/\/www.ntaudit.com\/?page_id=143&lang=ca","url":"https:\/\/www.ntaudit.com\/?page_id=143&lang=ca","name":"La Firma - NT audit","isPartOf":{"@id":"https:\/\/www.ntaudit.com\/#website"},"datePublished":"2015-12-10T16:00:12+00:00","dateModified":"2016-02-15T12:07:24+00:00","breadcrumb":{"@id":"https:\/\/www.ntaudit.com\/?page_id=143&lang=ca#breadcrumb"},"inLanguage":"es","potentialAction":[{"@type":"ReadAction","target":["https:\/\/www.ntaudit.com\/?page_id=143&lang=ca"]}]},{"@type":"BreadcrumbList","@id":"https:\/\/www.ntaudit.com\/?page_id=143&lang=ca#breadcrumb","itemListElement":[{"@type":"ListItem","position":1,"name":"Portada","item":"https:\/\/www.ntaudit.com\/"},{"@type":"ListItem","position":2,"name":"La Firma"}]},{"@type":"WebSite","@id":"https:\/\/www.ntaudit.com\/#website","url":"https:\/\/www.ntaudit.com\/","name":"NT audit","description":"Otro sitio realizado con WordPress","potentialAction":[{"@type":"SearchAction","target":{"@type":"EntryPoint","urlTemplate":"https:\/\/www.ntaudit.com\/?s={search_term_string}"},"query-input":{"@type":"PropertyValueSpecification","valueRequired":true,"valueName":"search_term_string"}}],"inLanguage":"es"}]}},"_links":{"self":[{"href":"https:\/\/www.ntaudit.com\/index.php?rest_route=\/wp\/v2\/pages\/143","targetHints":{"allow":["GET"]}}],"collection":[{"href":"https:\/\/www.ntaudit.com\/index.php?rest_route=\/wp\/v2\/pages"}],"about":[{"href":"https:\/\/www.ntaudit.com\/index.php?rest_route=\/wp\/v2\/types\/page"}],"author":[{"embeddable":true,"href":"https:\/\/www.ntaudit.com\/index.php?rest_route=\/wp\/v2\/users\/1"}],"replies":[{"embeddable":true,"href":"https:\/\/www.ntaudit.com\/index.php?rest_route=%2Fwp%2Fv2%2Fcomments&post=143"}],"version-history":[{"count":2,"href":"https:\/\/www.ntaudit.com\/index.php?rest_route=\/wp\/v2\/pages\/143\/revisions"}],"predecessor-version":[{"id":244,"href":"https:\/\/www.ntaudit.com\/index.php?rest_route=\/wp\/v2\/pages\/143\/revisions\/244"}],"wp:attachment":[{"href":"https:\/\/www.ntaudit.com\/index.php?rest_route=%2Fwp%2Fv2%2Fmedia&parent=143"}],"curies":[{"name":"wp","href":"https:\/\/api.w.org\/{rel}","templated":true}]}}