{"id":141,"date":"2015-12-10T17:08:58","date_gmt":"2015-12-10T17:08:58","guid":{"rendered":"http:\/\/ntaudit.com\/web\/?page_id=141&#038;lang=ca"},"modified":"2016-02-14T19:03:28","modified_gmt":"2016-02-14T19:03:28","slug":"servicios","status":"publish","type":"page","link":"https:\/\/www.ntaudit.com\/?page_id=141&lang=ca","title":{"rendered":"Serveis"},"content":{"rendered":"<p>[vc_row][vc_column][vc_custom_heading text=&#8221;Els nostres serveis&#8221; use_theme_fonts=&#8221;yes&#8221;][vc_column_text]Comprendre l&#8217;estrat\u00e8gia global dels nostres clients , identificar-ne els riscos i ajudar-los en la seva gesti\u00f3 \u00e9s el nostre objectiu. Acompanyem als nostres clients en el seu desenvolupament i els ajudem en la presa de decisions, sempre amb un tracte personal molt proper i amb una gran professionalitat i qualitat en el servei ofert.<\/p>\n<p>Els nostres clients van des de grans grups multinacionals fins a Pimes.[\/vc_column_text][vc_tta_tabs][vc_tta_section title=&#8221;Auditoria&#8221; tab_id=&#8221;1454323409881-91d05e61-730a&#8221;][vc_row_inner][vc_column_inner width=&#8221;1\/2&#8243;][vc_column_text]El nostre comprom\u00eds amb la qualitat garanteixen un servei r\u00e0pid i efica\u00e7, buscant en tot moment l&#8217;enfocament que millor s&#8217;adapti a les necessitats espec\u00edfiques de cada client.<\/p>\n<p>El nostre treball, basat en la independ\u00e8ncia i rigor, est\u00e0 enfocat a millorar la funci\u00f3 financera i els controls per mantenir la confian\u00e7a de l&#8217;accionista.[\/vc_column_text][st_button style=&#8221;2&#8243; icon=&#8221;fa fa-arrow-right&#8221; link_label=&#8221;M\u00e9s info&#8221; link_url=&#8221;url:http%3A%2F%2Fntaudit.com%2F%3Fst_service%3Dauditoria-2%26lang%3Dca|title:Auditoria|&#8221;][\/vc_column_inner][vc_column_inner width=&#8221;1\/2&#8243;][vc_single_image image=&#8221;315&#8243; img_size=&#8221;full&#8221;][\/vc_column_inner][\/vc_row_inner][\/vc_tta_section][vc_tta_section title=&#8221;Assessorament&#8221; tab_id=&#8221;1454323409896-edd130ec-3e15&#8243;][vc_row_inner][vc_column_inner width=&#8221;1\/2&#8243;][vc_single_image image=&#8221;230&#8243; img_size=&#8221;full&#8221;][\/vc_column_inner][vc_column_inner width=&#8221;1\/2&#8243;][vc_column_text]L&#8217;entorn econ\u00f2mic incert i canviant obliga a les empreses a adaptar-se cont\u00ednuament a noves necessitats i canvis regulatoris. Els nostres professionals assessoren en situacions complexes per obtenir resultats que s&#8217;adaptin a les necessitats espec\u00edfiques de cada organitzaci\u00f3.[\/vc_column_text][st_button style=&#8221;2&#8243; icon=&#8221;fa fa-arrow-right&#8221; link_label=&#8221;M\u00e9s info&#8221; link_url=&#8221;url:http%3A%2F%2Fntaudit.com%2F%3Fst_service%3Dassessorament%26lang%3Dca|title:Assessorament|&#8221;][\/vc_column_inner][\/vc_row_inner][\/vc_tta_section][vc_tta_section title=&#8221;Risk &amp; Compliance&#8221; tab_id=&#8221;1454323659491-0161fe9c-c754&#8243;][vc_row_inner][vc_column_inner width=&#8221;1\/2&#8243;][vc_column_text]Ajudem als nostres clients a prendre decisions de forma informada i efica\u00e7. Aix\u00f2 implica prevenir, detectar i donar solucions als riscos en els diferents processos de les organitzacions.<\/p>\n<p>Assistim als nostres clients en la supervisi\u00f3 del control intern aix\u00ed com en la identificaci\u00f3 d&#8217;aspectes de millora en aquelles \u00e0rees on hi hagi debilitats.[\/vc_column_text][st_button style=&#8221;2&#8243; icon=&#8221;fa fa-arrow-right&#8221; link_label=&#8221;M\u00e9s info&#8221; link_url=&#8221;url:http%3A%2F%2Fntaudit.com%2F%3Fst_service%3Drisk-compliance%26lang%3Dca|title:risk%20and%20compliance|&#8221;][\/vc_column_inner][vc_column_inner width=&#8221;1\/2&#8243;][vc_single_image image=&#8221;292&#8243; img_size=&#8221;full&#8221;][\/vc_column_inner][\/vc_row_inner][\/vc_tta_section][\/vc_tta_tabs][\/vc_column][\/vc_row]<\/p>\n","protected":false},"excerpt":{"rendered":"<p>[vc_row][vc_column][vc_custom_heading text=&#8221;Els nostres serveis&#8221; use_theme_fonts=&#8221;yes&#8221;][vc_column_text]Comprendre l&#8217;estrat\u00e8gia global dels nostres clients , identificar-ne els riscos i ajudar-los en la seva gesti\u00f3 \u00e9s el nostre objectiu. Acompanyem als nostres clients en el seu desenvolupament i els ajudem en la presa de decisions, sempre amb un tracte personal molt proper i amb una gran professionalitat i qualitat en [&hellip;]<\/p>\n","protected":false},"author":1,"featured_media":0,"parent":0,"menu_order":0,"comment_status":"closed","ping_status":"closed","template":"","meta":{"footnotes":""},"class_list":["post-141","page","type-page","status-publish","hentry"],"yoast_head":"<!-- This site is optimized with the Yoast SEO plugin v27.4 - https:\/\/yoast.com\/product\/yoast-seo-wordpress\/ -->\n<title>Serveis - NT audit<\/title>\n<meta name=\"robots\" content=\"index, follow, max-snippet:-1, max-image-preview:large, max-video-preview:-1\" \/>\n<link rel=\"canonical\" href=\"https:\/\/www.ntaudit.com\/?page_id=141&lang=ca\" \/>\n<meta property=\"og:locale\" content=\"es_ES\" \/>\n<meta property=\"og:type\" content=\"article\" \/>\n<meta property=\"og:title\" content=\"Serveis - NT audit\" \/>\n<meta property=\"og:description\" content=\"[vc_row][vc_column][vc_custom_heading text=&#8221;Els nostres serveis&#8221; use_theme_fonts=&#8221;yes&#8221;][vc_column_text]Comprendre l&#8217;estrat\u00e8gia global dels nostres clients , identificar-ne els riscos i ajudar-los en la seva gesti\u00f3 \u00e9s el nostre objectiu. Acompanyem als nostres clients en el seu desenvolupament i els ajudem en la presa de decisions, sempre amb un tracte personal molt proper i amb una gran professionalitat i qualitat en [&hellip;]\" \/>\n<meta property=\"og:url\" content=\"https:\/\/www.ntaudit.com\/?page_id=141&amp;lang=ca\" \/>\n<meta property=\"og:site_name\" content=\"NT audit\" \/>\n<meta property=\"article:modified_time\" content=\"2016-02-14T19:03:28+00:00\" \/>\n<meta name=\"twitter:card\" content=\"summary_large_image\" \/>\n<meta name=\"twitter:label1\" content=\"Tiempo de lectura\" \/>\n\t<meta name=\"twitter:data1\" content=\"2 minutos\" \/>\n<script type=\"application\/ld+json\" class=\"yoast-schema-graph\">{\"@context\":\"https:\\\/\\\/schema.org\",\"@graph\":[{\"@type\":\"WebPage\",\"@id\":\"https:\\\/\\\/www.ntaudit.com\\\/?page_id=141&lang=ca\",\"url\":\"https:\\\/\\\/www.ntaudit.com\\\/?page_id=141&lang=ca\",\"name\":\"Serveis - NT audit\",\"isPartOf\":{\"@id\":\"https:\\\/\\\/www.ntaudit.com\\\/#website\"},\"datePublished\":\"2015-12-10T17:08:58+00:00\",\"dateModified\":\"2016-02-14T19:03:28+00:00\",\"breadcrumb\":{\"@id\":\"https:\\\/\\\/www.ntaudit.com\\\/?page_id=141&lang=ca#breadcrumb\"},\"inLanguage\":\"es\",\"potentialAction\":[{\"@type\":\"ReadAction\",\"target\":[\"https:\\\/\\\/www.ntaudit.com\\\/?page_id=141&lang=ca\"]}]},{\"@type\":\"BreadcrumbList\",\"@id\":\"https:\\\/\\\/www.ntaudit.com\\\/?page_id=141&lang=ca#breadcrumb\",\"itemListElement\":[{\"@type\":\"ListItem\",\"position\":1,\"name\":\"Portada\",\"item\":\"https:\\\/\\\/www.ntaudit.com\\\/\"},{\"@type\":\"ListItem\",\"position\":2,\"name\":\"Serveis\"}]},{\"@type\":\"WebSite\",\"@id\":\"https:\\\/\\\/www.ntaudit.com\\\/#website\",\"url\":\"https:\\\/\\\/www.ntaudit.com\\\/\",\"name\":\"NT audit\",\"description\":\"Otro sitio realizado con WordPress\",\"potentialAction\":[{\"@type\":\"SearchAction\",\"target\":{\"@type\":\"EntryPoint\",\"urlTemplate\":\"https:\\\/\\\/www.ntaudit.com\\\/?s={search_term_string}\"},\"query-input\":{\"@type\":\"PropertyValueSpecification\",\"valueRequired\":true,\"valueName\":\"search_term_string\"}}],\"inLanguage\":\"es\"}]}<\/script>\n<!-- \/ Yoast SEO plugin. -->","yoast_head_json":{"title":"Serveis - NT audit","robots":{"index":"index","follow":"follow","max-snippet":"max-snippet:-1","max-image-preview":"max-image-preview:large","max-video-preview":"max-video-preview:-1"},"canonical":"https:\/\/www.ntaudit.com\/?page_id=141&lang=ca","og_locale":"es_ES","og_type":"article","og_title":"Serveis - NT audit","og_description":"[vc_row][vc_column][vc_custom_heading text=&#8221;Els nostres serveis&#8221; use_theme_fonts=&#8221;yes&#8221;][vc_column_text]Comprendre l&#8217;estrat\u00e8gia global dels nostres clients , identificar-ne els riscos i ajudar-los en la seva gesti\u00f3 \u00e9s el nostre objectiu. Acompanyem als nostres clients en el seu desenvolupament i els ajudem en la presa de decisions, sempre amb un tracte personal molt proper i amb una gran professionalitat i qualitat en [&hellip;]","og_url":"https:\/\/www.ntaudit.com\/?page_id=141&lang=ca","og_site_name":"NT audit","article_modified_time":"2016-02-14T19:03:28+00:00","twitter_card":"summary_large_image","twitter_misc":{"Tiempo de lectura":"2 minutos"},"schema":{"@context":"https:\/\/schema.org","@graph":[{"@type":"WebPage","@id":"https:\/\/www.ntaudit.com\/?page_id=141&lang=ca","url":"https:\/\/www.ntaudit.com\/?page_id=141&lang=ca","name":"Serveis - NT audit","isPartOf":{"@id":"https:\/\/www.ntaudit.com\/#website"},"datePublished":"2015-12-10T17:08:58+00:00","dateModified":"2016-02-14T19:03:28+00:00","breadcrumb":{"@id":"https:\/\/www.ntaudit.com\/?page_id=141&lang=ca#breadcrumb"},"inLanguage":"es","potentialAction":[{"@type":"ReadAction","target":["https:\/\/www.ntaudit.com\/?page_id=141&lang=ca"]}]},{"@type":"BreadcrumbList","@id":"https:\/\/www.ntaudit.com\/?page_id=141&lang=ca#breadcrumb","itemListElement":[{"@type":"ListItem","position":1,"name":"Portada","item":"https:\/\/www.ntaudit.com\/"},{"@type":"ListItem","position":2,"name":"Serveis"}]},{"@type":"WebSite","@id":"https:\/\/www.ntaudit.com\/#website","url":"https:\/\/www.ntaudit.com\/","name":"NT audit","description":"Otro sitio realizado con WordPress","potentialAction":[{"@type":"SearchAction","target":{"@type":"EntryPoint","urlTemplate":"https:\/\/www.ntaudit.com\/?s={search_term_string}"},"query-input":{"@type":"PropertyValueSpecification","valueRequired":true,"valueName":"search_term_string"}}],"inLanguage":"es"}]}},"_links":{"self":[{"href":"https:\/\/www.ntaudit.com\/index.php?rest_route=\/wp\/v2\/pages\/141","targetHints":{"allow":["GET"]}}],"collection":[{"href":"https:\/\/www.ntaudit.com\/index.php?rest_route=\/wp\/v2\/pages"}],"about":[{"href":"https:\/\/www.ntaudit.com\/index.php?rest_route=\/wp\/v2\/types\/page"}],"author":[{"embeddable":true,"href":"https:\/\/www.ntaudit.com\/index.php?rest_route=\/wp\/v2\/users\/1"}],"replies":[{"embeddable":true,"href":"https:\/\/www.ntaudit.com\/index.php?rest_route=%2Fwp%2Fv2%2Fcomments&post=141"}],"version-history":[{"count":10,"href":"https:\/\/www.ntaudit.com\/index.php?rest_route=\/wp\/v2\/pages\/141\/revisions"}],"predecessor-version":[{"id":316,"href":"https:\/\/www.ntaudit.com\/index.php?rest_route=\/wp\/v2\/pages\/141\/revisions\/316"}],"wp:attachment":[{"href":"https:\/\/www.ntaudit.com\/index.php?rest_route=%2Fwp%2Fv2%2Fmedia&parent=141"}],"curies":[{"name":"wp","href":"https:\/\/api.w.org\/{rel}","templated":true}]}}