{"id":14,"date":"2015-12-10T17:08:58","date_gmt":"2015-12-10T17:08:58","guid":{"rendered":"http:\/\/ntaudit.com\/web\/?page_id=14"},"modified":"2016-02-15T11:40:28","modified_gmt":"2016-02-15T11:40:28","slug":"servicios","status":"publish","type":"page","link":"https:\/\/www.ntaudit.com\/?page_id=14","title":{"rendered":"Servicios"},"content":{"rendered":"<p>[vc_row][vc_column][vc_custom_heading text=&#8221;Nuestros Servicios&#8221; use_theme_fonts=&#8221;yes&#8221;][vc_column_text]Comprender la estrategia global de nuestros clientes, identificar sus riesgos y ayudarles en su gesti\u00f3n es nuestro objetivo. Acompa\u00f1amos a nuestros clientes en su desarrollo y les ayudamos en la toma de decisiones, siempre con un trato personal muy cercano y con una gran profesionalidad y calidad en el servicio ofrecido.<br \/>\nNuestros clientes abarcan desde grandes grupos multinacionales hasta Pymes.[\/vc_column_text][vc_tta_tabs][vc_tta_section title=&#8221;Auditor\u00eda&#8221; tab_id=&#8221;1454323409881-91d05e61-730a&#8221;][vc_row_inner][vc_column_inner width=&#8221;1\/2&#8243;][vc_column_text]Nuestro compromiso con la calidad garantizan un servicio r\u00e1pido y eficaz, buscando en todo momento el enfoque que mejor se adapte a las necesidades espec\u00edficas de cada cliente.<\/p>\n<p>Nuestro trabajo se basa en la independencia y rigurosidad enfocado a mejorar la funci\u00f3n financiera y los controles para mantener la confianza del accionista.[\/vc_column_text][st_button style=&#8221;2&#8243; icon=&#8221;fa fa-arrow-right&#8221; link_label=&#8221;Saber m\u00e1s&#8221; link_url=&#8221;url:http%3A%2F%2Fntaudit.com%2F%3Fst_service%3Dauditoria-2|title:Auditor%C3%ADa|&#8221;][\/vc_column_inner][vc_column_inner width=&#8221;1\/2&#8243;][vc_single_image image=&#8221;315&#8243; img_size=&#8221;full&#8221;][\/vc_column_inner][\/vc_row_inner][\/vc_tta_section][vc_tta_section title=&#8221;Asesoramiento&#8221; tab_id=&#8221;1454323409896-edd130ec-3e15&#8243;][vc_row_inner][vc_column_inner width=&#8221;1\/2&#8243;][vc_single_image image=&#8221;230&#8243; img_size=&#8221;full&#8221;][\/vc_column_inner][vc_column_inner width=&#8221;1\/2&#8243;][vc_column_text]El entorno econ\u00f3mico incierto y cambiante obliga a las empresas a adaptarse continuamente a nuevas necesidades y cambios regulatorios. Nuestros profesionales asesoran en situaciones complejas para obtener resultados que se adapten a las necesidades espec\u00edficas de cada organizaci\u00f3n.[\/vc_column_text][st_button style=&#8221;2&#8243; icon=&#8221;fa fa-arrow-right&#8221; link_label=&#8221;Saber m\u00e1s&#8221; link_url=&#8221;url:http%3A%2F%2Fntaudit.com%2F%3Fst_service%3Dassessorament|title:Asesoramiento|&#8221;][\/vc_column_inner][\/vc_row_inner][\/vc_tta_section][vc_tta_section title=&#8221;Risk &amp; Compliance&#8221; tab_id=&#8221;1454323659491-0161fe9c-c754&#8243;][vc_row_inner][vc_column_inner width=&#8221;1\/2&#8243;][vc_column_text]Ayudamos a nuestros clientes a tomar decisiones de forma informada y eficaz. Ello implica prevenir, detectar y dar soluciones a los riesgos en los diferentes procesos de las organizaciones.<\/p>\n<p>Asistimos a nuestros clientes en la supervisi\u00f3n del control interno as\u00ed como en la identificaci\u00f3n de aspectos de mejora en aquellas \u00e1reas donde existan debilidades.[\/vc_column_text][st_button style=&#8221;2&#8243; icon=&#8221;fa fa-arrow-right&#8221; link_label=&#8221;Saber m\u00e1s&#8221; link_url=&#8221;url:http%3A%2F%2Fntaudit.com%2F%3Fst_service%3Drisk-compliance|title:Risk%20and%20Complice|&#8221;][\/vc_column_inner][vc_column_inner width=&#8221;1\/2&#8243;][vc_single_image image=&#8221;271&#8243; img_size=&#8221;full&#8221;][\/vc_column_inner][\/vc_row_inner][\/vc_tta_section][\/vc_tta_tabs][\/vc_column][\/vc_row]<\/p>\n","protected":false},"excerpt":{"rendered":"<p>[vc_row][vc_column][vc_custom_heading text=&#8221;Nuestros Servicios&#8221; use_theme_fonts=&#8221;yes&#8221;][vc_column_text]Comprender la estrategia global de nuestros clientes, identificar sus riesgos y ayudarles en su gesti\u00f3n es nuestro objetivo. Acompa\u00f1amos a nuestros clientes en su desarrollo y les ayudamos en la toma de decisiones, siempre con un trato personal muy cercano y con una gran profesionalidad y calidad en el servicio ofrecido. Nuestros [&hellip;]<\/p>\n","protected":false},"author":1,"featured_media":0,"parent":0,"menu_order":0,"comment_status":"closed","ping_status":"closed","template":"","meta":{"footnotes":""},"class_list":["post-14","page","type-page","status-publish","hentry"],"yoast_head":"<!-- This site is optimized with the Yoast SEO plugin v27.4 - https:\/\/yoast.com\/product\/yoast-seo-wordpress\/ -->\n<title>Servicios - NT audit<\/title>\n<meta name=\"robots\" content=\"index, follow, max-snippet:-1, max-image-preview:large, max-video-preview:-1\" \/>\n<link rel=\"canonical\" href=\"https:\/\/www.ntaudit.com\/?page_id=14\" \/>\n<meta property=\"og:locale\" content=\"es_ES\" \/>\n<meta property=\"og:type\" content=\"article\" \/>\n<meta property=\"og:title\" content=\"Servicios - NT audit\" \/>\n<meta property=\"og:description\" content=\"[vc_row][vc_column][vc_custom_heading text=&#8221;Nuestros Servicios&#8221; use_theme_fonts=&#8221;yes&#8221;][vc_column_text]Comprender la estrategia global de nuestros clientes, identificar sus riesgos y ayudarles en su gesti\u00f3n es nuestro objetivo. Acompa\u00f1amos a nuestros clientes en su desarrollo y les ayudamos en la toma de decisiones, siempre con un trato personal muy cercano y con una gran profesionalidad y calidad en el servicio ofrecido. Nuestros [&hellip;]\" \/>\n<meta property=\"og:url\" content=\"https:\/\/www.ntaudit.com\/?page_id=14\" \/>\n<meta property=\"og:site_name\" content=\"NT audit\" \/>\n<meta property=\"article:modified_time\" content=\"2016-02-15T11:40:28+00:00\" \/>\n<meta name=\"twitter:card\" content=\"summary_large_image\" \/>\n<meta name=\"twitter:label1\" content=\"Tiempo de lectura\" \/>\n\t<meta name=\"twitter:data1\" content=\"2 minutos\" \/>\n<script type=\"application\/ld+json\" class=\"yoast-schema-graph\">{\"@context\":\"https:\\\/\\\/schema.org\",\"@graph\":[{\"@type\":\"WebPage\",\"@id\":\"https:\\\/\\\/www.ntaudit.com\\\/?page_id=14\",\"url\":\"https:\\\/\\\/www.ntaudit.com\\\/?page_id=14\",\"name\":\"Servicios - NT audit\",\"isPartOf\":{\"@id\":\"https:\\\/\\\/www.ntaudit.com\\\/#website\"},\"datePublished\":\"2015-12-10T17:08:58+00:00\",\"dateModified\":\"2016-02-15T11:40:28+00:00\",\"breadcrumb\":{\"@id\":\"https:\\\/\\\/www.ntaudit.com\\\/?page_id=14#breadcrumb\"},\"inLanguage\":\"es\",\"potentialAction\":[{\"@type\":\"ReadAction\",\"target\":[\"https:\\\/\\\/www.ntaudit.com\\\/?page_id=14\"]}]},{\"@type\":\"BreadcrumbList\",\"@id\":\"https:\\\/\\\/www.ntaudit.com\\\/?page_id=14#breadcrumb\",\"itemListElement\":[{\"@type\":\"ListItem\",\"position\":1,\"name\":\"Portada\",\"item\":\"https:\\\/\\\/www.ntaudit.com\\\/\"},{\"@type\":\"ListItem\",\"position\":2,\"name\":\"Servicios\"}]},{\"@type\":\"WebSite\",\"@id\":\"https:\\\/\\\/www.ntaudit.com\\\/#website\",\"url\":\"https:\\\/\\\/www.ntaudit.com\\\/\",\"name\":\"NT audit\",\"description\":\"Otro sitio realizado con WordPress\",\"potentialAction\":[{\"@type\":\"SearchAction\",\"target\":{\"@type\":\"EntryPoint\",\"urlTemplate\":\"https:\\\/\\\/www.ntaudit.com\\\/?s={search_term_string}\"},\"query-input\":{\"@type\":\"PropertyValueSpecification\",\"valueRequired\":true,\"valueName\":\"search_term_string\"}}],\"inLanguage\":\"es\"}]}<\/script>\n<!-- \/ Yoast SEO plugin. -->","yoast_head_json":{"title":"Servicios - NT audit","robots":{"index":"index","follow":"follow","max-snippet":"max-snippet:-1","max-image-preview":"max-image-preview:large","max-video-preview":"max-video-preview:-1"},"canonical":"https:\/\/www.ntaudit.com\/?page_id=14","og_locale":"es_ES","og_type":"article","og_title":"Servicios - NT audit","og_description":"[vc_row][vc_column][vc_custom_heading text=&#8221;Nuestros Servicios&#8221; use_theme_fonts=&#8221;yes&#8221;][vc_column_text]Comprender la estrategia global de nuestros clientes, identificar sus riesgos y ayudarles en su gesti\u00f3n es nuestro objetivo. Acompa\u00f1amos a nuestros clientes en su desarrollo y les ayudamos en la toma de decisiones, siempre con un trato personal muy cercano y con una gran profesionalidad y calidad en el servicio ofrecido. Nuestros [&hellip;]","og_url":"https:\/\/www.ntaudit.com\/?page_id=14","og_site_name":"NT audit","article_modified_time":"2016-02-15T11:40:28+00:00","twitter_card":"summary_large_image","twitter_misc":{"Tiempo de lectura":"2 minutos"},"schema":{"@context":"https:\/\/schema.org","@graph":[{"@type":"WebPage","@id":"https:\/\/www.ntaudit.com\/?page_id=14","url":"https:\/\/www.ntaudit.com\/?page_id=14","name":"Servicios - NT audit","isPartOf":{"@id":"https:\/\/www.ntaudit.com\/#website"},"datePublished":"2015-12-10T17:08:58+00:00","dateModified":"2016-02-15T11:40:28+00:00","breadcrumb":{"@id":"https:\/\/www.ntaudit.com\/?page_id=14#breadcrumb"},"inLanguage":"es","potentialAction":[{"@type":"ReadAction","target":["https:\/\/www.ntaudit.com\/?page_id=14"]}]},{"@type":"BreadcrumbList","@id":"https:\/\/www.ntaudit.com\/?page_id=14#breadcrumb","itemListElement":[{"@type":"ListItem","position":1,"name":"Portada","item":"https:\/\/www.ntaudit.com\/"},{"@type":"ListItem","position":2,"name":"Servicios"}]},{"@type":"WebSite","@id":"https:\/\/www.ntaudit.com\/#website","url":"https:\/\/www.ntaudit.com\/","name":"NT audit","description":"Otro sitio realizado con WordPress","potentialAction":[{"@type":"SearchAction","target":{"@type":"EntryPoint","urlTemplate":"https:\/\/www.ntaudit.com\/?s={search_term_string}"},"query-input":{"@type":"PropertyValueSpecification","valueRequired":true,"valueName":"search_term_string"}}],"inLanguage":"es"}]}},"_links":{"self":[{"href":"https:\/\/www.ntaudit.com\/index.php?rest_route=\/wp\/v2\/pages\/14","targetHints":{"allow":["GET"]}}],"collection":[{"href":"https:\/\/www.ntaudit.com\/index.php?rest_route=\/wp\/v2\/pages"}],"about":[{"href":"https:\/\/www.ntaudit.com\/index.php?rest_route=\/wp\/v2\/types\/page"}],"author":[{"embeddable":true,"href":"https:\/\/www.ntaudit.com\/index.php?rest_route=\/wp\/v2\/users\/1"}],"replies":[{"embeddable":true,"href":"https:\/\/www.ntaudit.com\/index.php?rest_route=%2Fwp%2Fv2%2Fcomments&post=14"}],"version-history":[{"count":20,"href":"https:\/\/www.ntaudit.com\/index.php?rest_route=\/wp\/v2\/pages\/14\/revisions"}],"predecessor-version":[{"id":317,"href":"https:\/\/www.ntaudit.com\/index.php?rest_route=\/wp\/v2\/pages\/14\/revisions\/317"}],"wp:attachment":[{"href":"https:\/\/www.ntaudit.com\/index.php?rest_route=%2Fwp%2Fv2%2Fmedia&parent=14"}],"curies":[{"name":"wp","href":"https:\/\/api.w.org\/{rel}","templated":true}]}}