{"id":129,"date":"2016-01-27T15:36:21","date_gmt":"2016-01-27T15:36:21","guid":{"rendered":"http:\/\/ntaudit.com\/web\/?page_id=129&#038;lang=ca"},"modified":"2016-02-09T15:04:32","modified_gmt":"2016-02-09T15:04:32","slug":"inicio","status":"publish","type":"page","link":"https:\/\/www.ntaudit.com\/?page_id=129&lang=ca","title":{"rendered":"Inici"},"content":{"rendered":"<p>[vc_row css=&#8221;.vc_custom_1445130431994{margin: 0px !important;padding: 0px !important;}&#8221;][vc_column][rev_slider_vc alias=&#8221;slider-principal-cat&#8221;][\/vc_column][\/vc_row][vc_row css=&#8221;.vc_custom_1449792594001{margin-top: 0px !important;margin-bottom: 0px !important;padding-top: 80px !important;padding-bottom: 50px !important;}&#8221;][vc_column][st_heading title=&#8221;LA FIRMA&#8221;]Firma dedicada a la prestaci\u00f3 de serveis d&#8217;auditoria financera, consultoria i assessorament econ\u00f2mic, comptable i financer.<br \/>\nComptem amb un equip d&#8217;auditors i economistes proper als nostres clients, de provada experi\u00e8ncia, multidisciplinar i habituat a treballar en entorns locals i internacionals.[\/st_heading][\/vc_column][\/vc_row][vc_row st_full_width=&#8221;1&#8243; css=&#8221;.vc_custom_1455030274856{margin-top: 0px !important;margin-bottom: 0px !important;background-image: url(https:\/\/www.ntaudit.com\/web\/wp-content\/uploads\/2016\/01\/laptop_doble.jpg?id=284) !important;background-position: center !important;background-repeat: no-repeat !important;background-size: cover !important;}&#8221;][vc_column width=&#8221;1\/2&#8243; css=&#8221;.vc_custom_1453917548482{margin-top: 0px !important;margin-bottom: 0px !important;padding-top: 80px !important;padding-right: 5% !important;padding-bottom: 50px !important;padding-left: 5% !important;}&#8221;][\/vc_column][vc_column width=&#8221;1\/2&#8243; css=&#8221;.vc_custom_1453917491006{padding-top: 80px !important;padding-right: 5% !important;padding-bottom: 50px !important;padding-left: 5% !important;background-color: #f6f6f6 !important;}&#8221;][st_heading title=&#8221;Per qu\u00e8 triar NT AUDIT?&#8221;]La nostra dilatada experi\u00e8ncia en diversos sectors permet proporcionar un assessorament expert que respongui a les necessitats en cada mat\u00e8ria.[\/st_heading][vc_empty_space height=&#8221;35px&#8221;][vc_row_inner][vc_column_inner width=&#8221;1\/2&#8243;][st_icon_box style=&#8221;2&#8243; icon_type=&#8221;entypo&#8221; title=&#8221;Auditoria&#8221; icon=&#8221;fa fa-lightbulb-o&#8221; icon_entypo=&#8221;entypo-icon entypo-icon-eye&#8221;][\/st_icon_box][st_icon_box style=&#8221;2&#8243; icon_fontawesome=&#8221;fa fa-gavel&#8221; title=&#8221;Risk &amp; Compliance&#8221; icon=&#8221;fa fa-scissors&#8221;][\/st_icon_box][\/vc_column_inner][vc_column_inner width=&#8221;1\/2&#8243;][st_icon_box style=&#8221;2&#8243; icon_type=&#8221;entypo&#8221; title=&#8221;Assessorament Financer&#8221; icon=&#8221;fa fa-star&#8221; icon_entypo=&#8221;entypo-icon entypo-icon-chart-line&#8221;][\/st_icon_box][\/vc_column_inner][\/vc_row_inner][\/vc_column][\/vc_row][vc_row css=&#8221;.vc_custom_1449793441798{margin-top: 0px !important;margin-bottom: 0px !important;padding-top: 80px !important;padding-bottom: 50px !important;}&#8221;][vc_column][vc_row_inner css=&#8221;.vc_custom_1447737443289{margin-bottom: 40px !important;}&#8221;][vc_column_inner width=&#8221;1\/2&#8243;][st_heading title=&#8221;Els nostres Serveis&#8221;][\/st_heading][\/vc_column_inner][vc_column_inner width=&#8221;1\/2&#8243;][\/vc_column_inner][\/vc_row_inner][vc_row_inner][vc_column_inner width=&#8221;1\/3&#8243;][st_icon_box style=&#8221;3&#8243; icon_type=&#8221;entypo&#8221; title=&#8221;Auditoria i revisions comptables&#8221; link_label=&#8221;M\u00e9s&#8221; link_url=&#8221;url:http%3A%2F%2Fntaudit.com%2F%3Fst_service%3Dauditoria-2%26lang%3Dca|title:Auditoria|&#8221; bg_color_hover=&#8221;#45474e&#8221; icon_entypo=&#8221;entypo-icon entypo-icon-search&#8221;]Auditoria externa<br \/>\nRequeriments legals &#8211; Informes d&#8217;expert independent[\/st_icon_box][\/vc_column_inner][vc_column_inner width=&#8221;1\/3&#8243;][st_icon_box style=&#8221;3&#8243; icon_type=&#8221;openiconic&#8221; title=&#8221;Assessorament&#8221; link_label=&#8221;M\u00e9s&#8221; link_url=&#8221;url:http%3A%2F%2Fntaudit.com%2F%3Fst_service%3Dassessorament%26lang%3Dca|title:Assessorament|&#8221; bg_color_hover=&#8221;#af251c&#8221; icon_openiconic=&#8221;vc-oi vc-oi-chart-pie&#8221;]Transaccions<br \/>\nValoracions<br \/>\nAssessorament financer[\/st_icon_box][\/vc_column_inner][vc_column_inner width=&#8221;1\/3&#8243;][st_icon_box style=&#8221;3&#8243; icon_fontawesome=&#8221;fa fa-gavel&#8221; title=&#8221;Risk &amp; Compliance&#8221; link_label=&#8221;M\u00e9s &#8221; link_url=&#8221;url:http%3A%2F%2Fntaudit.com%2F%3Fst_service%3Drisk-compliance%26lang%3Dca|title:Risk%20and%20Compliance|&#8221; bg_color_hover=&#8221;#45474e&#8221;]Responsabilitat Penal<br \/>\nControl Intern<br \/>\nAssessorament en litigis[\/st_icon_box][\/vc_column_inner][\/vc_row_inner][\/vc_column][\/vc_row][vc_row parallax=&#8221;content-moving&#8221; css=&#8221;.vc_custom_1453911117044{margin-top: 0px !important;margin-bottom: 0px !important;padding-top: 8% !important;padding-right: 20px !important;padding-bottom: 8% !important;padding-left: 20px !important;background-image: url(https:\/\/www.ntaudit.com\/web\/wp-content\/uploads\/2016\/01\/fondo_formulario.png?id=75) !important;}&#8221;][vc_column][vc_row_inner el_class=&#8221;white_text&#8221;][vc_column_inner width=&#8221;1\/2&#8243;][st_heading title=&#8221;Contacti&#8217;ns&#8221;]Posem a la seva disposici\u00f3 tots els serveis necessaris per atendre les seves necessitats de la forma m\u00e9s efica\u00e7.[\/st_heading][\/vc_column_inner][vc_column_inner width=&#8221;1\/2&#8243;][\/vc_column_inner][\/vc_row_inner][vc_empty_space height=&#8221;10px&#8221;][vc_row_inner css=&#8221;.vc_custom_1449644282424{background-color: #ffffff !important;}&#8221;][vc_column_inner width=&#8221;2\/3&#8243; css=&#8221;.vc_custom_1450176367111{margin: 0px !important;padding: 40px !important;background-color: #f6f6f6 !important;}&#8221;][vc_empty_space height=&#8221;40px&#8221;]\n<div class=\"wpcf7 no-js\" id=\"wpcf7-f132-o1\" lang=\"ca\" dir=\"ltr\" data-wpcf7-id=\"132\">\n<div class=\"screen-reader-response\"><p role=\"status\" aria-live=\"polite\" aria-atomic=\"true\"><\/p> <ul><\/ul><\/div>\n<form action=\"\/index.php?rest_route=%2Fwp%2Fv2%2Fpages%2F129#wpcf7-f132-o1\" method=\"post\" class=\"wpcf7-form init\" aria-label=\"Formulario de contacto\" novalidate=\"novalidate\" data-status=\"init\">\n<fieldset class=\"hidden-fields-container\"><input type=\"hidden\" name=\"_wpcf7\" value=\"132\" \/><input type=\"hidden\" name=\"_wpcf7_version\" value=\"6.1.5\" \/><input type=\"hidden\" name=\"_wpcf7_locale\" value=\"ca\" \/><input type=\"hidden\" name=\"_wpcf7_unit_tag\" value=\"wpcf7-f132-o1\" \/><input type=\"hidden\" name=\"_wpcf7_container_post\" value=\"0\" \/><input type=\"hidden\" name=\"_wpcf7_posted_data_hash\" value=\"\" \/><input type=\"hidden\" name=\"_wpcf7_recaptcha_response\" value=\"\" \/>\n<\/fieldset>\n<p>El teu nom (obligatori)\n<\/p>\n<p><span class=\"wpcf7-form-control-wrap\" data-name=\"your-name\"><input size=\"40\" maxlength=\"400\" class=\"wpcf7-form-control wpcf7-text wpcf7-validates-as-required\" aria-required=\"true\" aria-invalid=\"false\" value=\"\" type=\"text\" name=\"your-name\" \/><\/span>\n<\/p>\n<p>El teu email (obligatori)\n<\/p>\n<p><span class=\"wpcf7-form-control-wrap\" data-name=\"your-email\"><input size=\"40\" maxlength=\"400\" class=\"wpcf7-form-control wpcf7-email wpcf7-validates-as-required wpcf7-text wpcf7-validates-as-email\" aria-required=\"true\" aria-invalid=\"false\" value=\"\" type=\"email\" name=\"your-email\" \/><\/span>\n<\/p>\n<p>Assumpte\n<\/p>\n<p><span class=\"wpcf7-form-control-wrap\" data-name=\"your-subject\"><input size=\"40\" maxlength=\"400\" class=\"wpcf7-form-control wpcf7-text\" aria-invalid=\"false\" value=\"\" type=\"text\" name=\"your-subject\" \/><\/span>\n<\/p>\n<p>El teu missatge\n<\/p>\n<p><span class=\"wpcf7-form-control-wrap\" data-name=\"your-message\"><textarea cols=\"40\" rows=\"10\" maxlength=\"2000\" class=\"wpcf7-form-control wpcf7-textarea\" aria-invalid=\"false\" name=\"your-message\"><\/textarea><\/span>\n<\/p>\n<p><input class=\"wpcf7-form-control wpcf7-submit has-spinner\" type=\"submit\" value=\"Enviar\" \/>\n<\/p><div class=\"wpcf7-response-output\" aria-hidden=\"true\"><\/div>\n<\/form>\n<\/div>\n[\/vc_column_inner][vc_column_inner width=&#8221;1\/3&#8243;][vc_widget_sidebar sidebar_id=&#8221;st_infocontacat&#8221; title=&#8221;Informaci\u00f3 de contacte&#8221;][\/vc_column_inner][\/vc_row_inner][\/vc_column][\/vc_row][vc_row css=&#8221;.vc_custom_1449792234295{margin-top: 0px !important;margin-bottom: 0px !important;padding-top: 80px !important;padding-bottom: 50px !important;background-color: #f6f6f6 !important;}&#8221;][vc_column][\/vc_column][\/vc_row]<\/p>\n","protected":false},"excerpt":{"rendered":"<p>[vc_row css=&#8221;.vc_custom_1445130431994{margin: 0px !important;padding: 0px !important;}&#8221;][vc_column][rev_slider_vc alias=&#8221;slider-principal-cat&#8221;][\/vc_column][\/vc_row][vc_row css=&#8221;.vc_custom_1449792594001{margin-top: 0px !important;margin-bottom: 0px !important;padding-top: 80px !important;padding-bottom: 50px !important;}&#8221;][vc_column][st_heading title=&#8221;LA FIRMA&#8221;]Firma dedicada a la prestaci\u00f3 de serveis d&#8217;auditoria financera, consultoria i assessorament econ\u00f2mic, comptable i financer. Comptem amb un equip d&#8217;auditors i economistes proper als nostres clients, de provada experi\u00e8ncia, multidisciplinar i habituat a treballar en entorns locals [&hellip;]<\/p>\n","protected":false},"author":1,"featured_media":0,"parent":0,"menu_order":0,"comment_status":"closed","ping_status":"closed","template":"","meta":{"footnotes":""},"class_list":["post-129","page","type-page","status-publish","hentry"],"yoast_head":"<!-- This site is optimized with the Yoast SEO plugin v27.4 - https:\/\/yoast.com\/product\/yoast-seo-wordpress\/ -->\n<title>Inici - NT audit<\/title>\n<meta name=\"robots\" content=\"index, follow, max-snippet:-1, max-image-preview:large, max-video-preview:-1\" \/>\n<link rel=\"canonical\" href=\"https:\/\/www.ntaudit.com\/?lang=ca\" \/>\n<meta property=\"og:locale\" content=\"es_ES\" \/>\n<meta property=\"og:type\" content=\"article\" \/>\n<meta property=\"og:title\" content=\"Inici - NT audit\" \/>\n<meta property=\"og:description\" content=\"[vc_row css=&#8221;.vc_custom_1445130431994{margin: 0px !important;padding: 0px !important;}&#8221;][vc_column][rev_slider_vc alias=&#8221;slider-principal-cat&#8221;][\/vc_column][\/vc_row][vc_row css=&#8221;.vc_custom_1449792594001{margin-top: 0px !important;margin-bottom: 0px !important;padding-top: 80px !important;padding-bottom: 50px !important;}&#8221;][vc_column][st_heading title=&#8221;LA FIRMA&#8221;]Firma dedicada a la prestaci\u00f3 de serveis d&#8217;auditoria financera, consultoria i assessorament econ\u00f2mic, comptable i financer. Comptem amb un equip d&#8217;auditors i economistes proper als nostres clients, de provada experi\u00e8ncia, multidisciplinar i habituat a treballar en entorns locals [&hellip;]\" \/>\n<meta property=\"og:url\" content=\"https:\/\/www.ntaudit.com\/?lang=ca\" \/>\n<meta property=\"og:site_name\" content=\"NT audit\" \/>\n<meta property=\"article:modified_time\" content=\"2016-02-09T15:04:32+00:00\" \/>\n<meta name=\"twitter:card\" content=\"summary_large_image\" \/>\n<meta name=\"twitter:label1\" content=\"Tiempo de lectura\" \/>\n\t<meta name=\"twitter:data1\" content=\"4 minutos\" \/>\n<script type=\"application\/ld+json\" class=\"yoast-schema-graph\">{\"@context\":\"https:\\\/\\\/schema.org\",\"@graph\":[{\"@type\":\"WebPage\",\"@id\":\"https:\\\/\\\/www.ntaudit.com\\\/?lang=ca\",\"url\":\"https:\\\/\\\/www.ntaudit.com\\\/?lang=ca\",\"name\":\"Inici - NT audit\",\"isPartOf\":{\"@id\":\"https:\\\/\\\/www.ntaudit.com\\\/#website\"},\"datePublished\":\"2016-01-27T15:36:21+00:00\",\"dateModified\":\"2016-02-09T15:04:32+00:00\",\"breadcrumb\":{\"@id\":\"https:\\\/\\\/www.ntaudit.com\\\/?lang=ca#breadcrumb\"},\"inLanguage\":\"es\",\"potentialAction\":[{\"@type\":\"ReadAction\",\"target\":[\"https:\\\/\\\/www.ntaudit.com\\\/?lang=ca\"]}]},{\"@type\":\"BreadcrumbList\",\"@id\":\"https:\\\/\\\/www.ntaudit.com\\\/?lang=ca#breadcrumb\",\"itemListElement\":[{\"@type\":\"ListItem\",\"position\":1,\"name\":\"Portada\",\"item\":\"https:\\\/\\\/www.ntaudit.com\\\/\"},{\"@type\":\"ListItem\",\"position\":2,\"name\":\"Inici\"}]},{\"@type\":\"WebSite\",\"@id\":\"https:\\\/\\\/www.ntaudit.com\\\/#website\",\"url\":\"https:\\\/\\\/www.ntaudit.com\\\/\",\"name\":\"NT audit\",\"description\":\"Otro sitio realizado con WordPress\",\"potentialAction\":[{\"@type\":\"SearchAction\",\"target\":{\"@type\":\"EntryPoint\",\"urlTemplate\":\"https:\\\/\\\/www.ntaudit.com\\\/?s={search_term_string}\"},\"query-input\":{\"@type\":\"PropertyValueSpecification\",\"valueRequired\":true,\"valueName\":\"search_term_string\"}}],\"inLanguage\":\"es\"}]}<\/script>\n<!-- \/ Yoast SEO plugin. -->","yoast_head_json":{"title":"Inici - NT audit","robots":{"index":"index","follow":"follow","max-snippet":"max-snippet:-1","max-image-preview":"max-image-preview:large","max-video-preview":"max-video-preview:-1"},"canonical":"https:\/\/www.ntaudit.com\/?lang=ca","og_locale":"es_ES","og_type":"article","og_title":"Inici - NT audit","og_description":"[vc_row css=&#8221;.vc_custom_1445130431994{margin: 0px !important;padding: 0px !important;}&#8221;][vc_column][rev_slider_vc alias=&#8221;slider-principal-cat&#8221;][\/vc_column][\/vc_row][vc_row css=&#8221;.vc_custom_1449792594001{margin-top: 0px !important;margin-bottom: 0px !important;padding-top: 80px !important;padding-bottom: 50px !important;}&#8221;][vc_column][st_heading title=&#8221;LA FIRMA&#8221;]Firma dedicada a la prestaci\u00f3 de serveis d&#8217;auditoria financera, consultoria i assessorament econ\u00f2mic, comptable i financer. Comptem amb un equip d&#8217;auditors i economistes proper als nostres clients, de provada experi\u00e8ncia, multidisciplinar i habituat a treballar en entorns locals [&hellip;]","og_url":"https:\/\/www.ntaudit.com\/?lang=ca","og_site_name":"NT audit","article_modified_time":"2016-02-09T15:04:32+00:00","twitter_card":"summary_large_image","twitter_misc":{"Tiempo de lectura":"4 minutos"},"schema":{"@context":"https:\/\/schema.org","@graph":[{"@type":"WebPage","@id":"https:\/\/www.ntaudit.com\/?lang=ca","url":"https:\/\/www.ntaudit.com\/?lang=ca","name":"Inici - NT audit","isPartOf":{"@id":"https:\/\/www.ntaudit.com\/#website"},"datePublished":"2016-01-27T15:36:21+00:00","dateModified":"2016-02-09T15:04:32+00:00","breadcrumb":{"@id":"https:\/\/www.ntaudit.com\/?lang=ca#breadcrumb"},"inLanguage":"es","potentialAction":[{"@type":"ReadAction","target":["https:\/\/www.ntaudit.com\/?lang=ca"]}]},{"@type":"BreadcrumbList","@id":"https:\/\/www.ntaudit.com\/?lang=ca#breadcrumb","itemListElement":[{"@type":"ListItem","position":1,"name":"Portada","item":"https:\/\/www.ntaudit.com\/"},{"@type":"ListItem","position":2,"name":"Inici"}]},{"@type":"WebSite","@id":"https:\/\/www.ntaudit.com\/#website","url":"https:\/\/www.ntaudit.com\/","name":"NT audit","description":"Otro sitio realizado con WordPress","potentialAction":[{"@type":"SearchAction","target":{"@type":"EntryPoint","urlTemplate":"https:\/\/www.ntaudit.com\/?s={search_term_string}"},"query-input":{"@type":"PropertyValueSpecification","valueRequired":true,"valueName":"search_term_string"}}],"inLanguage":"es"}]}},"_links":{"self":[{"href":"https:\/\/www.ntaudit.com\/index.php?rest_route=\/wp\/v2\/pages\/129","targetHints":{"allow":["GET"]}}],"collection":[{"href":"https:\/\/www.ntaudit.com\/index.php?rest_route=\/wp\/v2\/pages"}],"about":[{"href":"https:\/\/www.ntaudit.com\/index.php?rest_route=\/wp\/v2\/types\/page"}],"author":[{"embeddable":true,"href":"https:\/\/www.ntaudit.com\/index.php?rest_route=\/wp\/v2\/users\/1"}],"replies":[{"embeddable":true,"href":"https:\/\/www.ntaudit.com\/index.php?rest_route=%2Fwp%2Fv2%2Fcomments&post=129"}],"version-history":[{"count":13,"href":"https:\/\/www.ntaudit.com\/index.php?rest_route=\/wp\/v2\/pages\/129\/revisions"}],"predecessor-version":[{"id":289,"href":"https:\/\/www.ntaudit.com\/index.php?rest_route=\/wp\/v2\/pages\/129\/revisions\/289"}],"wp:attachment":[{"href":"https:\/\/www.ntaudit.com\/index.php?rest_route=%2Fwp%2Fv2%2Fmedia&parent=129"}],"curies":[{"name":"wp","href":"https:\/\/api.w.org\/{rel}","templated":true}]}}